{"id":3096,"date":"2022-05-09T16:24:07","date_gmt":"2022-05-09T16:24:07","guid":{"rendered":"https:\/\/mastercomunicaciondigital.ua.es\/contacto\/"},"modified":"2024-04-19T04:17:41","modified_gmt":"2024-04-19T04:17:41","slug":"contacte","status":"publish","type":"page","link":"https:\/\/mastercomunicaciondigital.ua.es\/ca\/contacte\/","title":{"rendered":"Contacte"},"content":{"rendered":"\t\t<div data-elementor-type=\"wp-page\" data-elementor-id=\"3096\" class=\"elementor elementor-3096 elementor-2385\" data-elementor-post-type=\"page\">\n\t\t\t\t\t\t<section class=\"elementor-section elementor-top-section elementor-element elementor-element-6e06e1c elementor-section-boxed elementor-section-height-default elementor-section-height-default\" data-id=\"6e06e1c\" data-element_type=\"section\">\n\t\t\t\t\t\t<div class=\"elementor-container elementor-column-gap-default\">\n\t\t\t\t\t<div class=\"elementor-column elementor-col-100 elementor-top-column elementor-element elementor-element-f2fe30a\" data-id=\"f2fe30a\" data-element_type=\"column\">\n\t\t\t<div class=\"elementor-widget-wrap elementor-element-populated\">\n\t\t\t\t\t\t<section class=\"elementor-section elementor-inner-section elementor-element elementor-element-de9878b elementor-section-boxed elementor-section-height-default elementor-section-height-default\" data-id=\"de9878b\" data-element_type=\"section\">\n\t\t\t\t\t\t<div class=\"elementor-container elementor-column-gap-default\">\n\t\t\t\t\t<div class=\"elementor-column elementor-col-50 elementor-inner-column elementor-element elementor-element-45731d8\" data-id=\"45731d8\" data-element_type=\"column\">\n\t\t\t<div class=\"elementor-widget-wrap elementor-element-populated\">\n\t\t\t\t\t\t<div class=\"elementor-element elementor-element-0ba34c7 elementor-widget elementor-widget-john-section-title\" data-id=\"0ba34c7\" data-element_type=\"widget\" data-widget_type=\"john-section-title.default\">\n\t\t\t\t<div class=\"elementor-widget-container\">\n\t\t\t            <div class=\"section_title\">\r\n                                                <h2>Per a dubtes administratius<\/h2>\r\n                                                             <h6>DOCUMENTACI\u00d3, ACC\u00c9S, MATR\u00cdCULA, ETC.<\/h6>\r\n                                        <\/div>\r\n        \t\t<\/div>\n\t\t\t\t<\/div>\n\t\t\t\t<div class=\"elementor-element elementor-element-0d3b0fd elementor-widget elementor-widget-john-contactinfo\" data-id=\"0d3b0fd\" data-element_type=\"widget\" data-widget_type=\"john-contactinfo.default\">\n\t\t\t\t<div class=\"elementor-widget-container\">\n\t\t\t                            <div class=\"media get_item\">\r\n                    <i aria-hidden=\"true\" class=\"flaticon flaticon-chat\"><\/i>                    <div class=\"media-body\">\r\n                        <h6>Preinscripci\u00f3<\/h6>\r\n                        <a href=\"mailto:acces.master@ua.es \">acces.master@ua.es <\/a>\r\n                    <\/div>\r\n                <\/div>\r\n                            <div class=\"media get_item\">\r\n                    <i aria-hidden=\"true\" class=\"flaticon flaticon-chat\"><\/i>                    <div class=\"media-body\">\r\n                        <h6>Matr\u00edcula - Secretaria de la Facultat<\/h6>\r\n                        <a href=\"master.economiques@ua.es\">master.economiques@ua.es<\/a>\r\n                    <\/div>\r\n                <\/div>\r\n                        \r\n        \t\t<\/div>\n\t\t\t\t<\/div>\n\t\t\t\t\t<\/div>\n\t\t<\/div>\n\t\t\t\t<div class=\"elementor-column elementor-col-50 elementor-inner-column elementor-element elementor-element-b68d696\" data-id=\"b68d696\" data-element_type=\"column\">\n\t\t\t<div class=\"elementor-widget-wrap elementor-element-populated\">\n\t\t\t\t\t\t<div class=\"elementor-element elementor-element-c00b860 elementor-widget elementor-widget-john-section-title\" data-id=\"c00b860\" data-element_type=\"widget\" data-widget_type=\"john-section-title.default\">\n\t\t\t\t<div class=\"elementor-widget-container\">\n\t\t\t            <div class=\"section_title\">\r\n                                                <h2>Per a dubtes acad\u00e8mics<\/h2>\r\n                                                             <h6>HORARIS, CLASSES, AVALUACI\u00d3 GENERAL, ETC.<\/h6>\r\n                                        <\/div>\r\n        \t\t<\/div>\n\t\t\t\t<\/div>\n\t\t\t\t<div class=\"elementor-element elementor-element-c0395ca elementor-widget elementor-widget-john-contactinfo\" data-id=\"c0395ca\" data-element_type=\"widget\" data-widget_type=\"john-contactinfo.default\">\n\t\t\t\t<div class=\"elementor-widget-container\">\n\t\t\t                            <div class=\"media get_item\">\r\n                    <i aria-hidden=\"true\" class=\"flaticon flaticon-chat\"><\/i>                    <div class=\"media-body\">\r\n                        <h6>Coordinadora\u00a0Acad\u00e8mica del M\u00e0ster<\/h6>\r\n                        <a href=\"mailto:natalia.p@ua.es\">natalia.p@ua.es<\/a>\r\n                    <\/div>\r\n                <\/div>\r\n                        \r\n        \t\t<\/div>\n\t\t\t\t<\/div>\n\t\t\t\t\t<\/div>\n\t\t<\/div>\n\t\t\t\t\t<\/div>\n\t\t<\/section>\n\t\t\t\t\t<\/div>\n\t\t<\/div>\n\t\t\t\t\t<\/div>\n\t\t<\/section>\n\t\t\t\t<section class=\"elementor-section elementor-top-section elementor-element elementor-element-877a2a5 elementor-section-boxed elementor-section-height-default elementor-section-height-default\" data-id=\"877a2a5\" data-element_type=\"section\">\n\t\t\t\t\t\t<div class=\"elementor-container elementor-column-gap-default\">\n\t\t\t\t\t<div class=\"elementor-column elementor-col-100 elementor-top-column elementor-element elementor-element-3fada79\" data-id=\"3fada79\" data-element_type=\"column\">\n\t\t\t<div class=\"elementor-widget-wrap elementor-element-populated\">\n\t\t\t\t\t\t<section class=\"elementor-section elementor-inner-section elementor-element elementor-element-1170e0d elementor-section-boxed elementor-section-height-default elementor-section-height-default\" data-id=\"1170e0d\" data-element_type=\"section\">\n\t\t\t\t\t\t<div class=\"elementor-container elementor-column-gap-default\">\n\t\t\t\t\t<div class=\"elementor-column elementor-col-33 elementor-inner-column elementor-element elementor-element-e76195a\" data-id=\"e76195a\" data-element_type=\"column\">\n\t\t\t<div class=\"elementor-widget-wrap\">\n\t\t\t\t\t\t\t<\/div>\n\t\t<\/div>\n\t\t\t\t<div class=\"elementor-column elementor-col-33 elementor-inner-column elementor-element elementor-element-22b5404\" data-id=\"22b5404\" data-element_type=\"column\">\n\t\t\t<div class=\"elementor-widget-wrap elementor-element-populated\">\n\t\t\t\t\t\t<div class=\"elementor-element elementor-element-e069987 elementor-widget elementor-widget-john-section-title\" data-id=\"e069987\" data-element_type=\"widget\" data-widget_type=\"john-section-title.default\">\n\t\t\t\t<div class=\"elementor-widget-container\">\n\t\t\t            <div class=\"section_title\">\r\n                                                <h2>M\u00e9s informaci\u00f3<\/h2>\r\n                                                             <h6>en la web institucional<\/h6>\r\n                                        <\/div>\r\n        \t\t<\/div>\n\t\t\t\t<\/div>\n\t\t\t\t<div class=\"elementor-element elementor-element-dbb66ad text-center elementor-widget elementor-widget-john-contactinfo\" data-id=\"dbb66ad\" data-element_type=\"widget\" data-widget_type=\"john-contactinfo.default\">\n\t\t\t\t<div class=\"elementor-widget-container\">\n\t\t\t                            <div class=\"media get_item\">\r\n                                        <div class=\"media-body\">\r\n                        <h6>Factultat d&#039;Econ\u00f2miques<\/h6>\r\n                        <a href=\"https:\/\/economicas.ua.es\/es\/estudios\/estudios-de-postgrado\/master-universitario-en-comunicacion-digital.html\">economicas.ua.es<\/a>\r\n                    <\/div>\r\n                <\/div>\r\n                        \r\n        \t\t<\/div>\n\t\t\t\t<\/div>\n\t\t\t\t\t<\/div>\n\t\t<\/div>\n\t\t\t\t<div class=\"elementor-column elementor-col-33 elementor-inner-column elementor-element elementor-element-2b2b802\" data-id=\"2b2b802\" data-element_type=\"column\">\n\t\t\t<div class=\"elementor-widget-wrap\">\n\t\t\t\t\t\t\t<\/div>\n\t\t<\/div>\n\t\t\t\t\t<\/div>\n\t\t<\/section>\n\t\t\t\t\t<\/div>\n\t\t<\/div>\n\t\t\t\t\t<\/div>\n\t\t<\/section>\n\t\t\t\t<\/div>\n\t\t","protected":false},"excerpt":{"rendered":"<p>Per a dubtes administratius DOCUMENTACI\u00d3, ACC\u00c9S, MATR\u00cdCULA, ETC. Preinscripci\u00f3 acces.master@ua.es Matr\u00edcula &#8211; Secretaria de la Facultat master.economiques@ua.es Per a dubtes acad\u00e8mics HORARIS, CLASSES, AVALUACI\u00d3 GENERAL, ETC. Coordinadora\u00a0Acad\u00e8mica del M\u00e0ster natalia.p@ua.es M\u00e9s informaci\u00f3 en la web institucional Factultat d&#039;Econ\u00f2miques economicas.ua.es<\/p>\n","protected":false},"author":2,"featured_media":0,"parent":0,"menu_order":0,"comment_status":"closed","ping_status":"closed","template":"","meta":{"_acf_changed":false,"footnotes":""},"class_list":["post-3096","page","type-page","status-publish","hentry"],"acf":[],"_links":{"self":[{"href":"https:\/\/mastercomunicaciondigital.ua.es\/ca\/wp-json\/wp\/v2\/pages\/3096","targetHints":{"allow":["GET"]}}],"collection":[{"href":"https:\/\/mastercomunicaciondigital.ua.es\/ca\/wp-json\/wp\/v2\/pages"}],"about":[{"href":"https:\/\/mastercomunicaciondigital.ua.es\/ca\/wp-json\/wp\/v2\/types\/page"}],"author":[{"embeddable":true,"href":"https:\/\/mastercomunicaciondigital.ua.es\/ca\/wp-json\/wp\/v2\/users\/2"}],"replies":[{"embeddable":true,"href":"https:\/\/mastercomunicaciondigital.ua.es\/ca\/wp-json\/wp\/v2\/comments?post=3096"}],"version-history":[{"count":20,"href":"https:\/\/mastercomunicaciondigital.ua.es\/ca\/wp-json\/wp\/v2\/pages\/3096\/revisions"}],"predecessor-version":[{"id":4582,"href":"https:\/\/mastercomunicaciondigital.ua.es\/ca\/wp-json\/wp\/v2\/pages\/3096\/revisions\/4582"}],"wp:attachment":[{"href":"https:\/\/mastercomunicaciondigital.ua.es\/ca\/wp-json\/wp\/v2\/media?parent=3096"}],"curies":[{"name":"wp","href":"https:\/\/api.w.org\/{rel}","templated":true}]}}